{"id":7,"date":"2020-11-11T22:43:06","date_gmt":"2020-11-12T00:43:06","guid":{"rendered":"https:\/\/trojka.hr\/?page_id=7"},"modified":"2026-02-18T12:29:09","modified_gmt":"2026-02-18T14:29:09","slug":"o_nama","status":"publish","type":"page","link":"https:\/\/trojka.hr\/?page_id=7","title":{"rendered":"O nama"},"content":{"rendered":"\n<p>Od 2019. godine, na\u0161a tvrtka se bavi administriranjem digitalnih platformi za dostavu i prijevoz. Radimo u svim ve\u0107im gradovima Hrvatske, a svojim zaposlenicima nudimo svu potrebnu opremu, maksimalnu podr\u0161ku i najpovoljnije uvjete na tr\u017ei\u0161tu.<\/p>\n\n\n\n<p><\/p>\n","protected":false},"excerpt":{"rendered":"<p>Od 2019. godine, na\u0161a tvrtka se bavi administriranjem digitalnih platformi za dostavu i prijevoz. Radimo u svim ve\u0107im gradovima Hrvatske, a svojim zaposlenicima nudimo svu potrebnu opremu, maksimalnu podr\u0161ku i najpovoljnije uvjete na tr\u017ei\u0161tu.<\/p>\n","protected":false},"author":1,"featured_media":0,"parent":0,"menu_order":0,"comment_status":"closed","ping_status":"closed","template":"","meta":{"footnotes":""},"class_list":["post-7","page","type-page","status-publish"],"yoast_head":"<!-- This site is optimized with the Yoast SEO plugin v27.5 - https:\/\/yoast.com\/product\/yoast-seo-wordpress\/ -->\n<title>O nama - Trojka<\/title>\n<meta name=\"description\" content=\"trojka.hr je hrvatska platforma za dostavu koja ve\u0107 10 godina posluje na na\u0161em tr\u017ei\u0161tu. Bolt FoodEstonski Bolt osnovan je 2013. kao taxi usluga, a nedavno je krenuo i u posao dostave. Ovaj posao daje vam fleksibilno radno vrijeme, mogu\u0107nost rada s na\u0161im vozilima, popuste kod na\u0161ih partnera te mno\u0161tvo bonusa i nagrada kojima se nagra\u0111uje kvaliteta.\" \/>\n<meta name=\"robots\" content=\"index, nofollow, max-snippet:-1, max-image-preview:large, max-video-preview:-1, noarchive\" \/>\n<link rel=\"canonical\" href=\"https:\/\/trojka.hr\/?page_id=7\" \/>\n<meta property=\"og:locale\" content=\"en_US\" \/>\n<meta property=\"og:type\" content=\"article\" \/>\n<meta property=\"og:title\" content=\"O nama - Trojka\" \/>\n<meta property=\"og:description\" content=\"trojka.hr je hrvatska platforma za dostavu koja ve\u0107 10 godina posluje na na\u0161em tr\u017ei\u0161tu. Bolt FoodEstonski Bolt osnovan je 2013. kao taxi usluga, a nedavno je krenuo i u posao dostave. Ovaj posao daje vam fleksibilno radno vrijeme, mogu\u0107nost rada s na\u0161im vozilima, popuste kod na\u0161ih partnera te mno\u0161tvo bonusa i nagrada kojima se nagra\u0111uje kvaliteta.\" \/>\n<meta property=\"og:url\" content=\"https:\/\/trojka.hr\/?page_id=7\" \/>\n<meta property=\"og:site_name\" content=\"Trojka\" \/>\n<meta property=\"article:publisher\" content=\"https:\/\/www.facebook.com\/people\/Trojka-promet-jdoo\/100066473805645\/\" \/>\n<meta property=\"article:modified_time\" content=\"2026-02-18T14:29:09+00:00\" \/>\n<meta name=\"twitter:card\" content=\"summary_large_image\" \/>\n<meta name=\"twitter:label1\" content=\"Est. reading time\" \/>\n\t<meta name=\"twitter:data1\" content=\"1 minute\" \/>\n<script type=\"application\/ld+json\" class=\"yoast-schema-graph\">{\"@context\":\"https:\\\/\\\/schema.org\",\"@graph\":[{\"@type\":[\"WebPage\",\"AboutPage\"],\"@id\":\"https:\\\/\\\/trojka.hr\\\/?page_id=7\",\"url\":\"https:\\\/\\\/trojka.hr\\\/?page_id=7\",\"name\":\"O nama - Trojka\",\"isPartOf\":{\"@id\":\"https:\\\/\\\/trojka.hr\\\/#website\"},\"datePublished\":\"2020-11-12T00:43:06+00:00\",\"dateModified\":\"2026-02-18T14:29:09+00:00\",\"description\":\"trojka.hr je hrvatska platforma za dostavu koja ve\u0107 10 godina posluje na na\u0161em tr\u017ei\u0161tu. Bolt FoodEstonski Bolt osnovan je 2013. kao taxi usluga, a nedavno je krenuo i u posao dostave. Ovaj posao daje vam fleksibilno radno vrijeme, mogu\u0107nost rada s na\u0161im vozilima, popuste kod na\u0161ih partnera te mno\u0161tvo bonusa i nagrada kojima se nagra\u0111uje kvaliteta.\",\"breadcrumb\":{\"@id\":\"https:\\\/\\\/trojka.hr\\\/?page_id=7#breadcrumb\"},\"inLanguage\":\"en-US\",\"potentialAction\":[{\"@type\":\"ReadAction\",\"target\":[\"https:\\\/\\\/trojka.hr\\\/?page_id=7\"]}]},{\"@type\":\"BreadcrumbList\",\"@id\":\"https:\\\/\\\/trojka.hr\\\/?page_id=7#breadcrumb\",\"itemListElement\":[{\"@type\":\"ListItem\",\"position\":1,\"name\":\"\u0413\u043b\u0430\u0432\u043d\u0430\u044f \u0441\u0442\u0440\u0430\u043d\u0438\u0446\u0430\",\"item\":\"https:\\\/\\\/trojka.hr\\\/\"},{\"@type\":\"ListItem\",\"position\":2,\"name\":\"O nama\"}]},{\"@type\":\"WebSite\",\"@id\":\"https:\\\/\\\/trojka.hr\\\/#website\",\"url\":\"https:\\\/\\\/trojka.hr\\\/\",\"name\":\"Trojka\",\"description\":\"\",\"potentialAction\":[{\"@type\":\"SearchAction\",\"target\":{\"@type\":\"EntryPoint\",\"urlTemplate\":\"https:\\\/\\\/trojka.hr\\\/?s={search_term_string}\"},\"query-input\":{\"@type\":\"PropertyValueSpecification\",\"valueRequired\":true,\"valueName\":\"search_term_string\"}}],\"inLanguage\":\"en-US\"}]}<\/script>\n<!-- \/ Yoast SEO plugin. -->","yoast_head_json":{"title":"O nama - Trojka","description":"trojka.hr je hrvatska platforma za dostavu koja ve\u0107 10 godina posluje na na\u0161em tr\u017ei\u0161tu. Bolt FoodEstonski Bolt osnovan je 2013. kao taxi usluga, a nedavno je krenuo i u posao dostave. Ovaj posao daje vam fleksibilno radno vrijeme, mogu\u0107nost rada s na\u0161im vozilima, popuste kod na\u0161ih partnera te mno\u0161tvo bonusa i nagrada kojima se nagra\u0111uje kvaliteta.","robots":{"index":"index","follow":"nofollow","max-snippet":"max-snippet:-1","max-image-preview":"max-image-preview:large","max-video-preview":"max-video-preview:-1","archive":"noarchive"},"canonical":"https:\/\/trojka.hr\/?page_id=7","og_locale":"en_US","og_type":"article","og_title":"O nama - Trojka","og_description":"trojka.hr je hrvatska platforma za dostavu koja ve\u0107 10 godina posluje na na\u0161em tr\u017ei\u0161tu. Bolt FoodEstonski Bolt osnovan je 2013. kao taxi usluga, a nedavno je krenuo i u posao dostave. Ovaj posao daje vam fleksibilno radno vrijeme, mogu\u0107nost rada s na\u0161im vozilima, popuste kod na\u0161ih partnera te mno\u0161tvo bonusa i nagrada kojima se nagra\u0111uje kvaliteta.","og_url":"https:\/\/trojka.hr\/?page_id=7","og_site_name":"Trojka","article_publisher":"https:\/\/www.facebook.com\/people\/Trojka-promet-jdoo\/100066473805645\/","article_modified_time":"2026-02-18T14:29:09+00:00","twitter_card":"summary_large_image","twitter_misc":{"Est. reading time":"1 minute"},"schema":{"@context":"https:\/\/schema.org","@graph":[{"@type":["WebPage","AboutPage"],"@id":"https:\/\/trojka.hr\/?page_id=7","url":"https:\/\/trojka.hr\/?page_id=7","name":"O nama - Trojka","isPartOf":{"@id":"https:\/\/trojka.hr\/#website"},"datePublished":"2020-11-12T00:43:06+00:00","dateModified":"2026-02-18T14:29:09+00:00","description":"trojka.hr je hrvatska platforma za dostavu koja ve\u0107 10 godina posluje na na\u0161em tr\u017ei\u0161tu. Bolt FoodEstonski Bolt osnovan je 2013. kao taxi usluga, a nedavno je krenuo i u posao dostave. Ovaj posao daje vam fleksibilno radno vrijeme, mogu\u0107nost rada s na\u0161im vozilima, popuste kod na\u0161ih partnera te mno\u0161tvo bonusa i nagrada kojima se nagra\u0111uje kvaliteta.","breadcrumb":{"@id":"https:\/\/trojka.hr\/?page_id=7#breadcrumb"},"inLanguage":"en-US","potentialAction":[{"@type":"ReadAction","target":["https:\/\/trojka.hr\/?page_id=7"]}]},{"@type":"BreadcrumbList","@id":"https:\/\/trojka.hr\/?page_id=7#breadcrumb","itemListElement":[{"@type":"ListItem","position":1,"name":"\u0413\u043b\u0430\u0432\u043d\u0430\u044f \u0441\u0442\u0440\u0430\u043d\u0438\u0446\u0430","item":"https:\/\/trojka.hr\/"},{"@type":"ListItem","position":2,"name":"O nama"}]},{"@type":"WebSite","@id":"https:\/\/trojka.hr\/#website","url":"https:\/\/trojka.hr\/","name":"Trojka","description":"","potentialAction":[{"@type":"SearchAction","target":{"@type":"EntryPoint","urlTemplate":"https:\/\/trojka.hr\/?s={search_term_string}"},"query-input":{"@type":"PropertyValueSpecification","valueRequired":true,"valueName":"search_term_string"}}],"inLanguage":"en-US"}]}},"_links":{"self":[{"href":"https:\/\/trojka.hr\/index.php?rest_route=\/wp\/v2\/pages\/7","targetHints":{"allow":["GET"]}}],"collection":[{"href":"https:\/\/trojka.hr\/index.php?rest_route=\/wp\/v2\/pages"}],"about":[{"href":"https:\/\/trojka.hr\/index.php?rest_route=\/wp\/v2\/types\/page"}],"author":[{"embeddable":true,"href":"https:\/\/trojka.hr\/index.php?rest_route=\/wp\/v2\/users\/1"}],"replies":[{"embeddable":true,"href":"https:\/\/trojka.hr\/index.php?rest_route=%2Fwp%2Fv2%2Fcomments&post=7"}],"version-history":[{"count":4,"href":"https:\/\/trojka.hr\/index.php?rest_route=\/wp\/v2\/pages\/7\/revisions"}],"predecessor-version":[{"id":728,"href":"https:\/\/trojka.hr\/index.php?rest_route=\/wp\/v2\/pages\/7\/revisions\/728"}],"wp:attachment":[{"href":"https:\/\/trojka.hr\/index.php?rest_route=%2Fwp%2Fv2%2Fmedia&parent=7"}],"curies":[{"name":"wp","href":"https:\/\/api.w.org\/{rel}","templated":true}]}}