{"id":148,"date":"2020-12-21T20:26:56","date_gmt":"2020-12-21T22:26:56","guid":{"rendered":"https:\/\/trojka.hr\/?page_id=148"},"modified":"2025-09-29T15:34:54","modified_gmt":"2025-09-29T17:34:54","slug":"148-2","status":"publish","type":"page","link":"https:\/\/trojka.hr\/","title":{"rendered":""},"content":{"rendered":"\n<div class=\"wp-block-columns is-layout-flex wp-container-core-columns-is-layout-9d6595d7 wp-block-columns-is-layout-flex\">\n<div class=\"wp-block-column is-layout-flow wp-block-column-is-layout-flow\" style=\"flex-basis:50%\">\n<p class=\"has-text-align-center has-large-font-size\">Mogu\u0107nost rada<\/p>\n\n\n\n<div style=\"height:90px\" aria-hidden=\"true\" class=\"wp-block-spacer\"><\/div>\n\n\n\n<div class=\"wp-block-columns is-layout-flex wp-container-core-columns-is-layout-9d6595d7 wp-block-columns-is-layout-flex\">\n<div class=\"wp-block-column is-vertically-aligned-top is-layout-flow wp-block-column-is-layout-flow\"><div class=\"wp-block-image is-resized is-style-default\">\n<figure class=\"aligncenter size-large\"><img loading=\"lazy\" decoding=\"async\" width=\"112\" height=\"112\" src=\"https:\/\/trojka.hr\/wp-content\/uploads\/2020\/12\/1-2.png\" alt=\"\" class=\"wp-image-259\" style=\"width:80px\"\/><\/figure>\n<\/div>\n\n\n<p class=\"has-text-align-center\">Auto<\/p>\n<\/div>\n\n\n\n<div class=\"wp-block-column is-vertically-aligned-top is-layout-flow wp-block-column-is-layout-flow\"><div class=\"wp-block-image is-resized is-style-default\">\n<figure class=\"aligncenter size-large\"><img loading=\"lazy\" decoding=\"async\" width=\"112\" height=\"112\" src=\"https:\/\/trojka.hr\/wp-content\/uploads\/2020\/12\/2-1.png\" alt=\"\" class=\"wp-image-252\" style=\"width:80px\"\/><\/figure>\n<\/div>\n\n\n<p class=\"has-text-align-center\">Skuter<\/p>\n<\/div>\n\n\n\n<div class=\"wp-block-column is-vertically-aligned-top is-layout-flow wp-block-column-is-layout-flow\"><div class=\"wp-block-image is-resized is-style-default\">\n<figure class=\"aligncenter size-large\"><img loading=\"lazy\" decoding=\"async\" width=\"112\" height=\"112\" src=\"https:\/\/trojka.hr\/wp-content\/uploads\/2020\/12\/3-1.png\" alt=\"\" class=\"wp-image-253\" style=\"width:80px\"\/><\/figure>\n<\/div>\n\n\n<p class=\"has-text-align-center\">Bicikl<\/p>\n<\/div>\n<\/div>\n<\/div>\n\n\n\n<div class=\"wp-block-column is-layout-flow wp-block-column-is-layout-flow\">\n<figure class=\"wp-block-image size-large\"><img loading=\"lazy\" decoding=\"async\" width=\"1024\" height=\"684\" src=\"https:\/\/trojka.hr\/wp-content\/uploads\/2020\/12\/5-1024x684.jpg\" alt=\"\" class=\"wp-image-150\" srcset=\"https:\/\/trojka.hr\/wp-content\/uploads\/2020\/12\/5-1024x684.jpg 1024w, https:\/\/trojka.hr\/wp-content\/uploads\/2020\/12\/5-300x200.jpg 300w, https:\/\/trojka.hr\/wp-content\/uploads\/2020\/12\/5-768x513.jpg 768w, https:\/\/trojka.hr\/wp-content\/uploads\/2020\/12\/5-1536x1025.jpg 1536w, https:\/\/trojka.hr\/wp-content\/uploads\/2020\/12\/5-2048x1367.jpg 2048w, https:\/\/trojka.hr\/wp-content\/uploads\/2020\/12\/5-570x381.jpg 570w\" sizes=\"auto, (max-width: 1024px) 100vw, 1024px\" \/><\/figure>\n\n\n\n<p><\/p>\n<\/div>\n<\/div>\n\n\n\n<div class=\"wp-block-columns is-layout-flex wp-container-core-columns-is-layout-9d6595d7 wp-block-columns-is-layout-flex\">\n<div class=\"wp-block-column is-layout-flow wp-block-column-is-layout-flow\">\n<figure class=\"wp-block-image size-large\"><img loading=\"lazy\" decoding=\"async\" width=\"1024\" height=\"682\" src=\"https:\/\/trojka.hr\/wp-content\/uploads\/2020\/12\/11.jpg\" alt=\"\" class=\"wp-image-152\" srcset=\"https:\/\/trojka.hr\/wp-content\/uploads\/2020\/12\/11.jpg 1024w, https:\/\/trojka.hr\/wp-content\/uploads\/2020\/12\/11-300x200.jpg 300w, https:\/\/trojka.hr\/wp-content\/uploads\/2020\/12\/11-768x512.jpg 768w, https:\/\/trojka.hr\/wp-content\/uploads\/2020\/12\/11-570x380.jpg 570w\" sizes=\"auto, (max-width: 1024px) 100vw, 1024px\" \/><\/figure>\n<\/div>\n\n\n\n<div class=\"wp-block-column is-vertically-aligned-top is-layout-flow wp-block-column-is-layout-flow\">\n<p class=\"has-text-align-center has-large-font-size\">Potrebno za rad<\/p>\n\n\n\n<div style=\"height:90px\" aria-hidden=\"true\" class=\"wp-block-spacer\"><\/div>\n\n\n\n<div class=\"wp-block-columns is-layout-flex wp-container-core-columns-is-layout-9d6595d7 wp-block-columns-is-layout-flex\">\n<div class=\"wp-block-column is-vertically-aligned-top is-layout-flow wp-block-column-is-layout-flow\"><div class=\"wp-block-image\">\n<figure class=\"aligncenter size-large is-resized\"><img loading=\"lazy\" decoding=\"async\" width=\"111\" height=\"111\" src=\"https:\/\/trojka.hr\/wp-content\/uploads\/2020\/12\/4-1.png\" alt=\"\" class=\"wp-image-254\" style=\"width:60px\"\/><\/figure>\n<\/div>\n\n\n<p class=\"has-text-align-center\">Osnovni paket dokumentacije<\/p>\n<\/div>\n\n\n\n<div class=\"wp-block-column is-vertically-aligned-top is-layout-flow wp-block-column-is-layout-flow\"><div class=\"wp-block-image\">\n<figure class=\"aligncenter size-large is-resized\"><img loading=\"lazy\" decoding=\"async\" width=\"112\" height=\"111\" src=\"https:\/\/trojka.hr\/wp-content\/uploads\/2020\/12\/5-2.png\" alt=\"\" class=\"wp-image-263\" style=\"aspect-ratio:1.0120481927710843;width:60px\"\/><\/figure>\n<\/div>\n\n\n<p class=\"has-text-align-center\">Smartphone<\/p>\n<\/div>\n\n\n\n<div class=\"wp-block-column is-layout-flow wp-block-column-is-layout-flow\"><div class=\"wp-block-image\">\n<figure class=\"aligncenter size-large is-resized\"><img loading=\"lazy\" decoding=\"async\" width=\"112\" height=\"111\" src=\"https:\/\/trojka.hr\/wp-content\/uploads\/2020\/12\/6-1.png\" alt=\"\" class=\"wp-image-256\" style=\"aspect-ratio:0.7228915662650602;width:60px\"\/><\/figure>\n<\/div>\n\n\n<p class=\"has-text-align-center\">Dobro snala\u017eenje gradom<\/p>\n<\/div>\n<\/div>\n<\/div>\n<\/div>\n\n\n\n<div class=\"wp-block-columns has-background is-layout-flex wp-container-core-columns-is-layout-9d6595d7 wp-block-columns-is-layout-flex\" style=\"background-color:#e6e6e6\">\n<div class=\"wp-block-column is-vertically-aligned-top is-layout-flow wp-block-column-is-layout-flow\">\n<div class=\"wp-block-columns is-layout-flex wp-container-core-columns-is-layout-9d6595d7 wp-block-columns-is-layout-flex\">\n<div class=\"wp-block-column is-layout-flow wp-block-column-is-layout-flow\"><div class=\"wp-block-image is-resized\">\n<figure class=\"aligncenter size-large\"><img loading=\"lazy\" decoding=\"async\" width=\"112\" height=\"112\" src=\"https:\/\/trojka.hr\/wp-content\/uploads\/2020\/12\/7-2.png\" alt=\"\" class=\"wp-image-265\"\/><\/figure>\n<\/div><\/div>\n<\/div>\n\n\n\n<div class=\"wp-block-columns is-layout-flex wp-container-core-columns-is-layout-9d6595d7 wp-block-columns-is-layout-flex\">\n<div class=\"wp-block-column is-vertically-aligned-center is-layout-flow wp-block-column-is-layout-flow\"><div class=\"wp-block-image is-resized\">\n<figure class=\"aligncenter size-large\"><img loading=\"lazy\" decoding=\"async\" width=\"112\" height=\"112\" src=\"https:\/\/trojka.hr\/wp-content\/uploads\/2020\/12\/8-1.png\" alt=\"\" class=\"wp-image-258\"\/><\/figure>\n<\/div><\/div>\n<\/div>\n\n\n\n<div class=\"wp-block-columns is-layout-flex wp-container-core-columns-is-layout-9d6595d7 wp-block-columns-is-layout-flex\">\n<div class=\"wp-block-column is-vertically-aligned-bottom is-layout-flow wp-block-column-is-layout-flow\"><div class=\"wp-block-image is-resized\">\n<figure class=\"aligncenter size-large\"><img loading=\"lazy\" decoding=\"async\" width=\"112\" height=\"112\" src=\"https:\/\/trojka.hr\/wp-content\/uploads\/2020\/12\/9-2.png\" alt=\"\" class=\"wp-image-267\"\/><\/figure>\n<\/div><\/div>\n<\/div>\n<\/div>\n\n\n\n<div class=\"wp-block-column is-vertically-aligned-top is-layout-flow wp-block-column-is-layout-flow\">\n<div class=\"wp-block-columns is-layout-flex wp-container-core-columns-is-layout-9d6595d7 wp-block-columns-is-layout-flex\">\n<div class=\"wp-block-column is-vertically-aligned-stretch is-layout-flow wp-block-column-is-layout-flow\">\n<div style=\"height:10px\" aria-hidden=\"true\" class=\"wp-block-spacer\"><\/div>\n\n\n\n<p class=\"has-text-align-left has-medium-font-size\">Niske provizije<\/p>\n\n\n\n<p class=\"has-small-font-size\">Provizija tvrtke do 3%<\/p>\n<\/div>\n<\/div>\n\n\n\n<div class=\"wp-block-columns is-layout-flex wp-container-core-columns-is-layout-9d6595d7 wp-block-columns-is-layout-flex\">\n<div class=\"wp-block-column is-layout-flow wp-block-column-is-layout-flow\">\n<div style=\"height:30px\" aria-hidden=\"true\" class=\"wp-block-spacer\"><\/div>\n\n\n\n<p class=\"has-medium-font-size\">Kompenzacija tro\u0161kova<\/p>\n\n\n\n<p class=\"has-small-font-size\">Kompenziramo do 10% od nastalih tro\u0161kova tijekom rada<\/p>\n<\/div>\n<\/div>\n\n\n\n<div class=\"wp-block-columns is-layout-flex wp-container-core-columns-is-layout-9d6595d7 wp-block-columns-is-layout-flex\">\n<div class=\"wp-block-column is-layout-flow wp-block-column-is-layout-flow\">\n<div style=\"height:30px\" aria-hidden=\"true\" class=\"wp-block-spacer\"><\/div>\n\n\n\n<p class=\"has-medium-font-size\">Nov\u010dani bonusi<\/p>\n\n\n\n<p class=\"has-small-font-size\">Nagra\u0111ujemo do 200\u20ac za svakog dovedenog radnika<\/p>\n\n\n\n<p class=\"has-medium-font-size\"><strong>BONUS DOBRODO\u0160LICE 100\u20ac<\/strong><\/p>\n<\/div>\n<\/div>\n<\/div>\n<\/div>\n\n\n\n<p class=\"has-large-font-size\">Platforme s kojima radimo<\/p>\n\n\n\n<figure class=\"wp-block-gallery aligncenter has-nested-images columns-4 is-cropped wp-block-gallery-1 is-layout-flex wp-block-gallery-is-layout-flex\">\n<figure class=\"wp-block-image size-large\"><img loading=\"lazy\" decoding=\"async\" width=\"207\" height=\"207\" data-id=\"162\" src=\"https:\/\/trojka.hr\/wp-content\/uploads\/2020\/12\/10.png\" alt=\"\" class=\"wp-image-162\" srcset=\"https:\/\/trojka.hr\/wp-content\/uploads\/2020\/12\/10.png 207w, https:\/\/trojka.hr\/wp-content\/uploads\/2020\/12\/10-150x150.png 150w\" sizes=\"auto, (max-width: 207px) 100vw, 207px\" \/><\/figure>\n\n\n\n<figure class=\"wp-block-image size-large is-style-default\"><img loading=\"lazy\" decoding=\"async\" width=\"206\" height=\"207\" data-id=\"163\" src=\"https:\/\/trojka.hr\/wp-content\/uploads\/2020\/12\/11.png\" alt=\"\" class=\"wp-image-163\" srcset=\"https:\/\/trojka.hr\/wp-content\/uploads\/2020\/12\/11.png 206w, https:\/\/trojka.hr\/wp-content\/uploads\/2020\/12\/11-150x150.png 150w\" sizes=\"auto, (max-width: 206px) 100vw, 206px\" \/><\/figure>\n\n\n\n<figure class=\"wp-block-image size-thumbnail\"><img loading=\"lazy\" decoding=\"async\" width=\"150\" height=\"150\" data-id=\"165\" src=\"https:\/\/trojka.hr\/wp-content\/uploads\/2020\/12\/13-150x150.png\" alt=\"\" class=\"wp-image-165\" srcset=\"https:\/\/trojka.hr\/wp-content\/uploads\/2020\/12\/13-150x150.png 150w, https:\/\/trojka.hr\/wp-content\/uploads\/2020\/12\/13.png 206w\" sizes=\"auto, (max-width: 150px) 100vw, 150px\" \/><\/figure>\n\n\n\n<figure class=\"wp-block-image size-large\"><img loading=\"lazy\" decoding=\"async\" width=\"207\" height=\"207\" data-id=\"166\" src=\"https:\/\/trojka.hr\/wp-content\/uploads\/2020\/12\/14.png\" alt=\"alt\" class=\"wp-image-166\" srcset=\"https:\/\/trojka.hr\/wp-content\/uploads\/2020\/12\/14.png 207w, https:\/\/trojka.hr\/wp-content\/uploads\/2020\/12\/14-150x150.png 150w\" sizes=\"auto, (max-width: 207px) 100vw, 207px\" \/><\/figure>\n<\/figure>\n\n\n\n<div class=\"wp-block-columns is-layout-flex wp-container-core-columns-is-layout-9d6595d7 wp-block-columns-is-layout-flex\">\n<div class=\"wp-block-column is-layout-flow wp-block-column-is-layout-flow\">\n<figure class=\"wp-block-image size-large\"><img loading=\"lazy\" decoding=\"async\" width=\"1024\" height=\"683\" src=\"https:\/\/trojka.hr\/wp-content\/uploads\/2020\/12\/6-1024x683.jpg\" alt=\"\" class=\"wp-image-151\" srcset=\"https:\/\/trojka.hr\/wp-content\/uploads\/2020\/12\/6-1024x683.jpg 1024w, https:\/\/trojka.hr\/wp-content\/uploads\/2020\/12\/6-300x200.jpg 300w, https:\/\/trojka.hr\/wp-content\/uploads\/2020\/12\/6-768x512.jpg 768w, https:\/\/trojka.hr\/wp-content\/uploads\/2020\/12\/6-570x380.jpg 570w, https:\/\/trojka.hr\/wp-content\/uploads\/2020\/12\/6.jpg 1500w\" sizes=\"auto, (max-width: 1024px) 100vw, 1024px\" \/><\/figure>\n<\/div>\n\n\n\n<div class=\"wp-block-column is-layout-flow wp-block-column-is-layout-flow\">\n<p class=\"has-text-align-center has-large-font-size\">Ispuni formu za registraciju kako bi postao dio na\u0161e ekipe<\/p>\n\n\n\n<div class=\"wp-block-buttons is-horizontal is-content-justification-center is-layout-flex wp-container-core-buttons-is-layout-499968f5 wp-block-buttons-is-layout-flex\">\n<div class=\"wp-block-button is-style-fill\"><a class=\"wp-block-button__link has-background has-custom-font-size wp-element-button\" href=\"https:\/\/forms.gle\/iCpaWmVQf9rtCbKa9\" style=\"border-radius:17px;background-color:#913843;font-size:25px\" target=\"_blank\" rel=\"noopener\">REGISTRACIJA<\/a><\/div>\n<\/div>\n<\/div>\n<\/div>\n\n\n\n<p><\/p>\n","protected":false},"excerpt":{"rendered":"<p>Mogu\u0107nost rada Auto Skuter Bicikl Potrebno za rad Osnovni paket dokumentacije Smartphone Dobro snala\u017eenje gradom Niske provizije Provizija tvrtke do 3% Kompenzacija tro\u0161kova Kompenziramo do 10% od nastalih tro\u0161kova tijekom rada Nov\u010dani bonusi Nagra\u0111ujemo do 200\u20ac za svakog dovedenog radnika BONUS DOBRODO\u0160LICE 100\u20ac Platforme s kojima radimo Ispuni formu za registraciju kako bi postao dio [&hellip;]<\/p>\n","protected":false},"author":1,"featured_media":0,"parent":0,"menu_order":0,"comment_status":"closed","ping_status":"closed","template":"","meta":{"footnotes":""},"class_list":["post-148","page","type-page","status-publish"],"yoast_head":"<!-- This site is optimized with the Yoast SEO plugin v27.5 - https:\/\/yoast.com\/product\/yoast-seo-wordpress\/ -->\n<title>- Trojka<\/title>\n<meta name=\"description\" content=\"Niske provizije Kompenzacija tro\u0161kova Nov\u010dani bonusi Dostava Hrana Dostavljac\" \/>\n<meta name=\"robots\" content=\"index, follow, max-snippet:-1, max-image-preview:large, max-video-preview:-1\" \/>\n<link rel=\"canonical\" href=\"https:\/\/trojka.hr\/\" \/>\n<meta property=\"og:locale\" content=\"en_US\" \/>\n<meta property=\"og:type\" content=\"article\" \/>\n<meta property=\"og:title\" content=\"- Trojka\" \/>\n<meta property=\"og:description\" content=\"Niske provizije Kompenzacija tro\u0161kova Nov\u010dani bonusi Dostava Hrana Dostavljac\" \/>\n<meta property=\"og:url\" content=\"https:\/\/trojka.hr\/\" \/>\n<meta property=\"og:site_name\" content=\"Trojka\" \/>\n<meta property=\"article:publisher\" content=\"https:\/\/www.facebook.com\/people\/Trojka-promet-jdoo\/100066473805645\/\" \/>\n<meta property=\"article:modified_time\" content=\"2025-09-29T17:34:54+00:00\" \/>\n<meta property=\"og:image\" content=\"https:\/\/trojka.hr\/wp-content\/uploads\/2020\/12\/1-2.png\" \/>\n\t<meta property=\"og:image:width\" content=\"112\" \/>\n\t<meta property=\"og:image:height\" content=\"112\" \/>\n\t<meta property=\"og:image:type\" content=\"image\/png\" \/>\n<meta name=\"twitter:card\" content=\"summary_large_image\" \/>\n<meta name=\"twitter:label1\" content=\"Est. reading time\" \/>\n\t<meta name=\"twitter:data1\" content=\"4 minutes\" \/>\n<script type=\"application\/ld+json\" class=\"yoast-schema-graph\">{\"@context\":\"https:\\\/\\\/schema.org\",\"@graph\":[{\"@type\":\"WebPage\",\"@id\":\"https:\\\/\\\/trojka.hr\\\/\",\"url\":\"https:\\\/\\\/trojka.hr\\\/\",\"name\":\"- Trojka\",\"isPartOf\":{\"@id\":\"https:\\\/\\\/trojka.hr\\\/#website\"},\"primaryImageOfPage\":{\"@id\":\"https:\\\/\\\/trojka.hr\\\/#primaryimage\"},\"image\":{\"@id\":\"https:\\\/\\\/trojka.hr\\\/#primaryimage\"},\"thumbnailUrl\":\"https:\\\/\\\/trojka.hr\\\/wp-content\\\/uploads\\\/2020\\\/12\\\/1-2.png\",\"datePublished\":\"2020-12-21T22:26:56+00:00\",\"dateModified\":\"2025-09-29T17:34:54+00:00\",\"description\":\"Niske provizije Kompenzacija tro\u0161kova Nov\u010dani bonusi Dostava Hrana Dostavljac\",\"inLanguage\":\"en-US\",\"potentialAction\":[{\"@type\":\"ReadAction\",\"target\":[\"https:\\\/\\\/trojka.hr\\\/\"]}]},{\"@type\":\"ImageObject\",\"inLanguage\":\"en-US\",\"@id\":\"https:\\\/\\\/trojka.hr\\\/#primaryimage\",\"url\":\"https:\\\/\\\/trojka.hr\\\/wp-content\\\/uploads\\\/2020\\\/12\\\/1-2.png\",\"contentUrl\":\"https:\\\/\\\/trojka.hr\\\/wp-content\\\/uploads\\\/2020\\\/12\\\/1-2.png\",\"width\":112,\"height\":112,\"caption\":\"\u043d\u0430 \u043c\u0430\u0448\u0438\u043d\u0435\"},{\"@type\":\"WebSite\",\"@id\":\"https:\\\/\\\/trojka.hr\\\/#website\",\"url\":\"https:\\\/\\\/trojka.hr\\\/\",\"name\":\"Trojka\",\"description\":\"\",\"potentialAction\":[{\"@type\":\"SearchAction\",\"target\":{\"@type\":\"EntryPoint\",\"urlTemplate\":\"https:\\\/\\\/trojka.hr\\\/?s={search_term_string}\"},\"query-input\":{\"@type\":\"PropertyValueSpecification\",\"valueRequired\":true,\"valueName\":\"search_term_string\"}}],\"inLanguage\":\"en-US\"}]}<\/script>\n<!-- \/ Yoast SEO plugin. -->","yoast_head_json":{"title":"- Trojka","description":"Niske provizije Kompenzacija tro\u0161kova Nov\u010dani bonusi Dostava Hrana Dostavljac","robots":{"index":"index","follow":"follow","max-snippet":"max-snippet:-1","max-image-preview":"max-image-preview:large","max-video-preview":"max-video-preview:-1"},"canonical":"https:\/\/trojka.hr\/","og_locale":"en_US","og_type":"article","og_title":"- Trojka","og_description":"Niske provizije Kompenzacija tro\u0161kova Nov\u010dani bonusi Dostava Hrana Dostavljac","og_url":"https:\/\/trojka.hr\/","og_site_name":"Trojka","article_publisher":"https:\/\/www.facebook.com\/people\/Trojka-promet-jdoo\/100066473805645\/","article_modified_time":"2025-09-29T17:34:54+00:00","og_image":[{"width":112,"height":112,"url":"https:\/\/trojka.hr\/wp-content\/uploads\/2020\/12\/1-2.png","type":"image\/png"}],"twitter_card":"summary_large_image","twitter_misc":{"Est. reading time":"4 minutes"},"schema":{"@context":"https:\/\/schema.org","@graph":[{"@type":"WebPage","@id":"https:\/\/trojka.hr\/","url":"https:\/\/trojka.hr\/","name":"- Trojka","isPartOf":{"@id":"https:\/\/trojka.hr\/#website"},"primaryImageOfPage":{"@id":"https:\/\/trojka.hr\/#primaryimage"},"image":{"@id":"https:\/\/trojka.hr\/#primaryimage"},"thumbnailUrl":"https:\/\/trojka.hr\/wp-content\/uploads\/2020\/12\/1-2.png","datePublished":"2020-12-21T22:26:56+00:00","dateModified":"2025-09-29T17:34:54+00:00","description":"Niske provizije Kompenzacija tro\u0161kova Nov\u010dani bonusi Dostava Hrana Dostavljac","inLanguage":"en-US","potentialAction":[{"@type":"ReadAction","target":["https:\/\/trojka.hr\/"]}]},{"@type":"ImageObject","inLanguage":"en-US","@id":"https:\/\/trojka.hr\/#primaryimage","url":"https:\/\/trojka.hr\/wp-content\/uploads\/2020\/12\/1-2.png","contentUrl":"https:\/\/trojka.hr\/wp-content\/uploads\/2020\/12\/1-2.png","width":112,"height":112,"caption":"\u043d\u0430 \u043c\u0430\u0448\u0438\u043d\u0435"},{"@type":"WebSite","@id":"https:\/\/trojka.hr\/#website","url":"https:\/\/trojka.hr\/","name":"Trojka","description":"","potentialAction":[{"@type":"SearchAction","target":{"@type":"EntryPoint","urlTemplate":"https:\/\/trojka.hr\/?s={search_term_string}"},"query-input":{"@type":"PropertyValueSpecification","valueRequired":true,"valueName":"search_term_string"}}],"inLanguage":"en-US"}]}},"_links":{"self":[{"href":"https:\/\/trojka.hr\/index.php?rest_route=\/wp\/v2\/pages\/148","targetHints":{"allow":["GET"]}}],"collection":[{"href":"https:\/\/trojka.hr\/index.php?rest_route=\/wp\/v2\/pages"}],"about":[{"href":"https:\/\/trojka.hr\/index.php?rest_route=\/wp\/v2\/types\/page"}],"author":[{"embeddable":true,"href":"https:\/\/trojka.hr\/index.php?rest_route=\/wp\/v2\/users\/1"}],"replies":[{"embeddable":true,"href":"https:\/\/trojka.hr\/index.php?rest_route=%2Fwp%2Fv2%2Fcomments&post=148"}],"version-history":[{"count":127,"href":"https:\/\/trojka.hr\/index.php?rest_route=\/wp\/v2\/pages\/148\/revisions"}],"predecessor-version":[{"id":768,"href":"https:\/\/trojka.hr\/index.php?rest_route=\/wp\/v2\/pages\/148\/revisions\/768"}],"wp:attachment":[{"href":"https:\/\/trojka.hr\/index.php?rest_route=%2Fwp%2Fv2%2Fmedia&parent=148"}],"curies":[{"name":"wp","href":"https:\/\/api.w.org\/{rel}","templated":true}]}}